{"id":609,"date":"2022-05-05T00:06:16","date_gmt":"2022-05-05T00:06:16","guid":{"rendered":"https:\/\/www.efd.com.mx\/temp\/?page_id=609"},"modified":"2022-06-06T22:18:36","modified_gmt":"2022-06-06T22:18:36","slug":"vfx","status":"publish","type":"page","link":"https:\/\/www.efd.com.mx\/temp\/vfx\/","title":{"rendered":"VFX"},"content":{"rendered":"<p>[vc_row el_class=\u00bbover-hide z-bigger\u00bb][vc_column][vc_single_image image=\u00bb1034&#8243; img_size=\u00bbfull\u00bb alignment=\u00bbcenter\u00bb css_animation=\u00bbfadeIn\u00bb css=\u00bb.vc_custom_1654553913897{margin-top: 25% !important;margin-bottom: 15% !important;}\u00bb][vc_single_image image=\u00bb966&#8243; img_size=\u00bbfull\u00bb alignment=\u00bbcenter\u00bb css_animation=\u00bbfadeIn\u00bb css=\u00bb.vc_custom_1653067081361{margin-top: 20% !important;margin-right: 15% !important;margin-left: 15% !important;}\u00bb][vc_row_inner css=\u00bb.vc_custom_1652322198171{margin-top: 15% !important;padding-right: 10% !important;padding-left: 10% !important;}\u00bb][vc_column_inner width=\u00bb1\/2&#8243;][vc_column_text css_animation=\u00bbfadeIn\u00bb css=\u00bb.vc_custom_1652320808820{padding-left: 5% !important;}\u00bb]<\/p>\n<h5 style=\"text-align: center;\"><strong><span style=\"color: #ffffff; font-size: 1.8rem !important; line-height: 28px; font-weight: bold !important; font-style: normal;\">SERVICIOS<\/span><\/strong><\/h5>\n<p>[\/vc_column_text][vc_separator color=\u00bbwhite\u00bb el_width=\u00bb50&#8243; css_animation=\u00bbfadeIn\u00bb css=\u00bb.vc_custom_1652401604479{margin-top: -5% !important;padding-left: 5% !important;}\u00bb][vc_column_text css_animation=\u00bbfadeIn\u00bb css=\u00bb.vc_custom_1652401616638{margin-top: -2% !important;padding-left: 5% !important;}\u00bb]<\/p>\n<p style=\"text-align: center;\"><span style=\"color: #ffffff; font-size: 1.4rem !important; line-height: 28px;\">Conceptualizaci\u00f3n y Dise\u00f1o<br \/>\nPlaneaci\u00f3n y Producci\u00f3n<br \/>\nSupervisi\u00f3n on SET<br \/>\nGesti\u00f3n de talento por experiencia<br \/>\nComp &#8211; Roto &#8211; 3D &#8211; 2D &#8211; Matte Painting<\/span>[\/vc_column_text][\/vc_column_inner][vc_column_inner width=\u00bb1\/2&#8243;][vc_column_text css_animation=\u00bbfadeIn\u00bb]<\/p>\n<h5 style=\"text-align: center;\"><strong><span style=\"color: #ffffff; font-size: 1.8rem !important; line-height: 28px; font-weight: bold !important; font-style: normal;\">SOFTWARE<\/span><\/strong><\/h5>\n<p>[\/vc_column_text][vc_separator color=\u00bbwhite\u00bb el_width=\u00bb40&#8243; css_animation=\u00bbfadeIn\u00bb css=\u00bb.vc_custom_1652322177691{margin-top: -5% !important;}\u00bb][vc_column_text css_animation=\u00bbfadeIn\u00bb css=\u00bb.vc_custom_1652401539361{margin-top: -2% !important;}\u00bb]<\/p>\n<p style=\"text-align: center;\"><span style=\"color: #ffffff; font-size: 1.4rem !important; line-height: 28px;\">NUKE X<br \/>\nAdobe After Effects<br \/>\nAutodesk Maya<br \/>\nPF Track<br \/>\nMocha Pro<br \/>\nHoudini<\/span>[\/vc_column_text][\/vc_column_inner][\/vc_row_inner][vc_single_image image=\u00bb453&#8243; img_size=\u00bbfull\u00bb alignment=\u00bbcenter\u00bb css_animation=\u00bbfadeIn\u00bb css=\u00bb.vc_custom_1652320207745{margin-top: 15% !important;margin-right: 22% !important;margin-left: 22% !important;}\u00bb][vc_raw_html]JTNDZGl2JTIwc3R5bGUlM0QlMjJ0ZXh0LWFsaWduJTNBY2VudGVyJTNCJTIwbWFyZ2luLXRvcCUzQTE1MHB4JTIyJTNFJTBBJTNDaDYlMjBzdHlsZSUzRCUyMnRleHQtYWxpZ24lM0ElMjBjZW50ZXIlM0IlMjBkaXNwbGF5JTNBJTIwaW5saW5lLWJsb2NrJTIyJTNFJTNDc3BhbiUyMHN0eWxlJTNEJTIyY29sb3IlM0ElMjAlMjNmZmZmZmYlM0IlMjIlM0UlM0NhJTIwc3R5bGUlM0QlMjJjb2xvciUzQSUyMCUyM2ZmZmZmZiUzQiUyMGZvbnQtc2l6ZSUzQTEuM3JlbSUyMCUyMWltcG9ydGFudCUyMiUyMGhyZWYlM0QlMjJodHRwcyUzQSUyRiUyRnd3dy5lZmQuY29tLm14JTJGdGVtcCUyRmVkaWNpb24lMkYlMjIlM0VBbnRlcmlvciUyMFNlcnZpY2lvJTNDJTJGYSUzRSUzQyUyRnNwYW4lM0UlM0MlMkZoNiUzRSUwQSUzQ2ltZyUyMHNyYyUzRCUyMmh0dHBzJTNBJTJGJTJGd3d3LmVmZC5jb20ubXglMkZ0ZW1wJTJGd3AtY29udGVudCUyRnVwbG9hZHMlMkYyMDIyJTJGMDUlMkZMaW5lYS1EaXZpc29yaWEucG5nJTIyJTIwYWx0JTNEJTIyJTIyJTIwbG9hZGluZyUzRCUyMmxhenklMjIlMjB0aXRsZSUzRCUyMiUyMiUyMHN0eWxlJTNEJTIyZGlzcGxheSUzQWlubGluZS1ibG9jayUzQndpZHRoJTNBJTIwYXV0byUyMCUyMWltcG9ydGFudCUzQm1hcmdpbiUzQSUyMDAlMjAxNXB4JTIwMCUyMDE1cHglM0IlMjIlM0UlMEElM0NoNiUyMHN0eWxlJTNEJTIydGV4dC1hbGlnbiUzQSUyMGNlbnRlciUzQiUyMGRpc3BsYXklM0ElMjBpbmxpbmUtYmxvY2slMjAlMjIlM0UlM0NzcGFuJTIwc3R5bGUlM0QlMjJjb2xvciUzQSUyMCUyM2ZmZmZmZiUzQiUyMiUzRSUzQ2ElMjBzdHlsZSUzRCUyMmNvbG9yJTNBJTIwJTIzZmZmZmZmJTNCJTIwZm9udC1zaXplJTNBMS4zcmVtJTIwJTIxaW1wb3J0YW50JTIyJTIwaHJlZiUzRCUyMmh0dHBzJTNBJTJGJTJGd3d3LmVmZC5jb20ubXglMkZ0ZW1wJTJGY29sb3IlMkYlMjIlM0VTaWd1aWVudGUlMjBTZXJ2aWNpbyUzQyUyRmElM0UlM0MlMkZzcGFuJTNFJTNDJTJGaDYlM0UlMEElM0MlMkZkaXYlM0U=[\/vc_raw_html][\/vc_column][\/vc_row][vc_row][vc_column width=\u00bb1\/6&#8243;][\/vc_column][vc_column width=\u00bb2\/3&#8243;][\/vc_column][vc_column width=\u00bb1\/6&#8243;][\/vc_column][vc_column][\/vc_column][\/vc_row]<\/p>\n","protected":false},"excerpt":{"rendered":"<p>[vc_row el_class=\u00bbover-hide z-bigger\u00bb][vc_column][vc_single_image image=\u00bb1034&#8243; img_size=\u00bbfull\u00bb alignment=\u00bbcenter\u00bb css_animation=\u00bbfadeIn\u00bb css=\u00bb.vc_custom_1654553913897{margin-top: 25% !important;margin-bottom: 15% !important;}\u00bb][vc_single_image image=\u00bb966&#8243; img_size=\u00bbfull\u00bb alignment=\u00bbcenter\u00bb css_animation=\u00bbfadeIn\u00bb css=\u00bb.vc_custom_1653067081361{margin-top: 20% !important;margin-right: 15% !important;margin-left: 15% !important;}\u00bb][vc_row_inner css=\u00bb.vc_custom_1652322198171{margin-top: 15% !important;padding-right: 10% !important;padding-left: 10% !important;}\u00bb][vc_column_inner width=\u00bb1\/2&#8243;][vc_column_text css_animation=\u00bbfadeIn\u00bb css=\u00bb.vc_custom_1652320808820{padding-left: 5% !important;}\u00bb] SERVICIOS [\/vc_column_text][vc_separator color=\u00bbwhite\u00bb el_width=\u00bb50&#8243; css_animation=\u00bbfadeIn\u00bb css=\u00bb.vc_custom_1652401604479{margin-top: -5% !important;padding-left: 5% !important;}\u00bb][vc_column_text css_animation=\u00bbfadeIn\u00bb css=\u00bb.vc_custom_1652401616638{margin-top: -2% !important;padding-left: 5% !important;}\u00bb] Conceptualizaci\u00f3n y Dise\u00f1o Planeaci\u00f3n [&hellip;]<\/p>\n","protected":false},"author":1,"featured_media":0,"parent":0,"menu_order":0,"comment_status":"closed","ping_status":"closed","template":"","meta":{"_coblocks_attr":"","_coblocks_dimensions":"","_coblocks_responsive_height":"","_coblocks_accordion_ie_support":""},"_links":{"self":[{"href":"https:\/\/www.efd.com.mx\/temp\/wp-json\/wp\/v2\/pages\/609"}],"collection":[{"href":"https:\/\/www.efd.com.mx\/temp\/wp-json\/wp\/v2\/pages"}],"about":[{"href":"https:\/\/www.efd.com.mx\/temp\/wp-json\/wp\/v2\/types\/page"}],"author":[{"embeddable":true,"href":"https:\/\/www.efd.com.mx\/temp\/wp-json\/wp\/v2\/users\/1"}],"replies":[{"embeddable":true,"href":"https:\/\/www.efd.com.mx\/temp\/wp-json\/wp\/v2\/comments?post=609"}],"version-history":[{"count":48,"href":"https:\/\/www.efd.com.mx\/temp\/wp-json\/wp\/v2\/pages\/609\/revisions"}],"predecessor-version":[{"id":1048,"href":"https:\/\/www.efd.com.mx\/temp\/wp-json\/wp\/v2\/pages\/609\/revisions\/1048"}],"wp:attachment":[{"href":"https:\/\/www.efd.com.mx\/temp\/wp-json\/wp\/v2\/media?parent=609"}],"curies":[{"name":"wp","href":"https:\/\/api.w.org\/{rel}","templated":true}]}}